{"id":11,"date":"2024-01-24T23:48:24","date_gmt":"2024-01-24T23:48:24","guid":{"rendered":"https:\/\/www.kesaj.sk\/?page_id=11"},"modified":"2025-10-31T18:26:24","modified_gmt":"2025-10-31T17:26:24","slug":"o-nas","status":"publish","type":"page","link":"https:\/\/www.kesaj.sk\/?page_id=11","title":{"rendered":"Kesaj"},"content":{"rendered":"\n<p class=\"has-text-align-left\">Nad\u00e1cia Dobr\u00e1 r\u00f3mska v\u00edla Kesaj vznikla 9.9.1994 a 28.8. 1997 bola zap\u00edsan\u00e1 do registra<br>nad\u00e1ci\u00ed vedenom Ministerstvom vn\u00fatra Slovenskej republiky pod \u010d\u00edslom 203\/Na-96\/411. Bola<br>zriaden\u00e1 za \u00fa\u010delom podpory verejnoprospe\u0161n\u00fdch aktiv\u00edt.<\/p>\n\n\n\n<figure class=\"wp-block-image size-large\"><img fetchpriority=\"high\" decoding=\"async\" width=\"1024\" height=\"650\" src=\"http:\/\/www.kesaj.sk\/wp-content\/uploads\/2024\/01\/Kesaj_zlta_004-1024x650.jpg\" alt=\"\" class=\"wp-image-48\" srcset=\"https:\/\/www.kesaj.sk\/wp-content\/uploads\/2024\/01\/Kesaj_zlta_004-1024x650.jpg 1024w, https:\/\/www.kesaj.sk\/wp-content\/uploads\/2024\/01\/Kesaj_zlta_004-300x191.jpg 300w, https:\/\/www.kesaj.sk\/wp-content\/uploads\/2024\/01\/Kesaj_zlta_004-768x488.jpg 768w, https:\/\/www.kesaj.sk\/wp-content\/uploads\/2024\/01\/Kesaj_zlta_004.jpg 1516w\" sizes=\"(max-width: 1024px) 100vw, 1024px\" \/><\/figure>\n\n\n\n<p>Nad\u00e1cia Dobr\u00e1 r\u00f3mska v\u00edla Kesaj je mimovl\u00e1dna, neziskov\u00e1 organiz\u00e1cia, ktor\u00e1 bola zalo\u017een\u00e1 v roku <strong>1994<\/strong> v Ko\u0161iciach. Na\u0161im poslan\u00edm je prispieva\u0165 k ochrane r\u00f3mskeho jazyka, kult\u00fary R\u00f3mov na Slovensku a tie\u017e k harmoniz\u00e1cii vz\u00e1jomn\u00fdch vz\u0165ahov s majoritou.<\/p>\n\n\n\n<p>Nad\u00e1cia vznikla na popud \u010dlenov a priate\u013eov divadla Romathan, s cie\u013eom podpori\u0165 a povzbudi\u0165 proces etnickej a ob\u010dianskej emancip\u00e1cie pr\u00edslu\u0161n\u00edkov r\u00f3mskej n\u00e1rodnostnej men\u0161iny na Slovensku.<\/p>\n\n\n\n<p>Po\u010das svojej existencie nad\u00e1cia zriadila <strong>centrum mobility zameran\u00e9 na poradenstvo prostredn\u00edctvom t\u00fd\u017edenn\u00fdch kurzov pre r\u00f3mskych aktivistov v oblasti legislat\u00edvy, \u0161kolstva, zamestnanosti a m\u00e9di\u00ed<\/strong>.<\/p>\n\n\n\n<p>V rokoch <strong>1996 &#8211; 2002 p\u00f4sobila v oblasti monitorovania a ochrany \u013eudsk\u00fdch a ob\u010dianskych pr\u00e1v prev\u00e1dzkovan\u00edm Kancel\u00e1rie pr\u00e1vnej ochrany etnick\u00fdch men\u0161\u00edn na Slovensku<\/strong>. V spom\u00ednanom obdob\u00ed \u0161tyrikr\u00e1t vydala publik\u00e1ciu Biela kniha v slovenskom a anglickom jazyku. Zo stoviek evidovan\u00fdch pr\u00edpadov poru\u0161enia \u013eudsk\u00fdch a ob\u010dianskych pr\u00e1v, v ktor\u00fdch kancel\u00e1ria zasahovala ako pr\u00e1vny z\u00e1stupca po\u0161koden\u00fdch ob\u010danov v spore s rozli\u010dn\u00fdmi subjektmi \u0161t\u00e1tnej a verejnej moci na Slovensku, sa dve trestn\u00e9 ozn\u00e1menia dostali a\u017e na \u0161etrenie medzin\u00e1rodn\u00e9ho s\u00fadu v \u0160trasburgu. V obidvoch pr\u00edpadoch s\u00fad rozhodol v prospech oznamovate\u013eov.<\/p>\n\n\n\n<p><strong>V r\u00e1mci svojej vydavate\u013eskej \u010dinnosti v rokoch 1998 \u2013 2005 vyd\u00e1vala mesa\u010dn\u00edk v r\u00f3mskom a slovenskom jazyku pre deti a ml\u00e1de\u017e s n\u00e1zvom \u0160tarprajtengoro \/ \u0160tvorl\u00edstok. V rokoch 1997-2002 vyd\u00e1vala dvojt\u00fd\u017edenn\u00edk Sam adaj \/ Sme tu v r\u00f3mskom a slovenskom jazyku<\/strong>. Taktie\u017e vydala v\u00fdu\u010dbov\u00e9 <strong>DVD r\u00f3mskych tancov a CD s r\u00f3mskymi pies\u0148ami<\/strong>. V r\u00e1mci medzin\u00e1rodn\u00e9ho projektu Obnova eur\u00f3pskej dimenzie r\u00f3mskeho jazyka a kult\u00fary nad\u00e1cia v roku 2011 vydala <strong>reprezentat\u00edvny Slovensko-r\u00f3msky r\u00f3msko-slovensk\u00fd slovn\u00edk.<\/strong><\/p>\n\n\n\n<p>Po roku 2000 sa nad\u00e1cia zamerala na <strong>pr\u00edpravu a in\u0161titucionaliz\u00e1ciu \u0161k\u00f4l<\/strong>, s cie\u013eom podpori\u0165 talentovan\u00fdch r\u00f3mskych \u0161tudentov poch\u00e1dzaj\u00facich zo soci\u00e1lne znev\u00fdhodnen\u00e9ho prostredia. V\u00fdsledkom t\u00fdchto sn\u00e1h bolo v roku <strong>2003 zalo\u017eenie gymn\u00e1zia so \u0161tvorro\u010dn\u00fdm \u0161tudijn\u00fdm programom<\/strong>, v roku <strong>2005 gymn\u00e1zia s osemro\u010dn\u00fdm \u0161tudijn\u00fdm programom<\/strong> a v roku <strong>2006 z\u00e1kladnej \u0161koly<\/strong>. Na \u0161kol\u00e1ch bola zaveden\u00e1 v\u00fduka r\u00f3mskeho jazyka a hist\u00f3rie ako samostatn\u00e9 predmety.<\/p>\n\n\n\n<p>Gymn\u00e1zium bolo v rokoch 2003 &#8211; 2009 pilotnou \u0161kolou v n\u00e1rodn\u00fdch projektoch experiment\u00e1lnej <strong>verifik\u00e1cie efekt\u00edvnosti kurik\u00fal r\u00f3mskeho jazyka a literat\u00fary a r\u00f3mskych re\u00e1li\u00ed<\/strong> na z\u00e1kladn\u00fdch a stredn\u00fdch \u0161kol\u00e1ch. Na z\u00e1klade v\u00fdstupov z projektov do\u0161lo v roku <strong>2008 k ofici\u00e1lnej \u0161tandardiz\u00e1cii r\u00f3mskeho jazyka<\/strong>, ktor\u00e1 bola gestorovan\u00e1 vl\u00e1dou SR.<\/p>\n\n\n\n<p>V rokoch <strong>2013 &#8211; 2015 sa nad\u00e1cia podie\u013eala na projekte Vzdelanie &#8211; predpoklad zmeny<\/strong>: podpora v\u00fduky r\u00f3mskeho jazyka a r\u00f3mskych re\u00e1li\u00ed na stredn\u00fdch \u0161kol\u00e1ch.<\/p>\n\n\n\n<p>Nad\u00e1cia sa tie\u017e podie\u013ea na organizovan\u00ed <strong>mimo\u0161kolsk\u00fdch aktiv\u00edt pre deti a ml\u00e1de\u017e<\/strong>, napr. \u0161kolsk\u00e9 kluby, vzdel\u00e1vacie v\u00fdlety, letn\u00e9 t\u00e1bory a n\u00e1rodn\u00e9 liter\u00e1rne a v\u00fdtvarn\u00e9 s\u00fa\u0165a\u017ee. V roku 2016 uskuto\u010dnila pilotn\u00fd projekt letn\u00e9ho t\u00e1bora pre r\u00f3mske deti: podpora rozvoja etnick\u00e9ho povedomia a r\u00f3mskeho jazyka.<\/p>\n\n\n\n<p>Pod z\u00e1\u0161titou nad\u00e1cie vznikol aj <strong>folkl\u00f3rny s\u00fabor Kesaj Tchave<\/strong>, ktor\u00fd reprezentuje r\u00f3msku kult\u00faru u n\u00e1s i v zahrani\u010d\u00ed.<\/p>\n\n\n\n<div class=\"wp-block-buttons is-content-justification-center is-layout-flex wp-container-core-buttons-is-layout-28206b41 wp-block-buttons-is-layout-flex\">\n<div class=\"wp-block-button has-custom-width wp-block-button__width-25 is-style-outline is-style-outline--1\"><a class=\"wp-block-button__link has-background wp-element-button\" href=\"https:\/\/www.kesaj.sk\/?page_id=110\" style=\"border-radius:53px;background-color:#fbd575\" rel=\"https:\/\/www.kesaj.sk\/?page_id=110\">Pre\u010d\u00edtajte si legendu o v\u00edle Kesaj<\/a><\/div>\n\n\n\n<div class=\"wp-block-button has-custom-width wp-block-button__width-25 is-style-outline is-style-outline--2\"><a class=\"wp-block-button__link has-background wp-element-button\" href=\"https:\/\/www.kesaj.sk\/?page_id=137\" style=\"border-radius:53px;background-color:#fbd575\">Zakladatelka Mgr. Anna Koptov\u00e1<\/a><\/div>\n<\/div>\n\n\n\n<p><\/p>\n","protected":false},"excerpt":{"rendered":"<p>Nad\u00e1cia Dobr\u00e1 r\u00f3mska v\u00edla Kesaj vznikla 9.9.1994 a 28.8. 1997 bola zap\u00edsan\u00e1 do registranad\u00e1ci\u00ed vedenom Ministerstvom vn\u00fatra Slovenskej republiky pod \u010d\u00edslom 203\/Na-96\/411. Bolazriaden\u00e1 za \u00fa\u010delom podpory verejnoprospe\u0161n\u00fdch aktiv\u00edt. Nad\u00e1cia Dobr\u00e1 r\u00f3mska v\u00edla Kesaj je mimovl\u00e1dna, neziskov\u00e1 organiz\u00e1cia, ktor\u00e1 bola zalo\u017een\u00e1 v roku 1994 v Ko\u0161iciach. Na\u0161im poslan\u00edm je prispieva\u0165 k ochrane r\u00f3mskeho jazyka, kult\u00fary R\u00f3mov [&hellip;]<\/p>\n","protected":false},"author":1,"featured_media":0,"parent":0,"menu_order":0,"comment_status":"closed","ping_status":"closed","template":"page-full-width.php","meta":{"footnotes":""},"class_list":["post-11","page","type-page","status-publish","hentry"],"_links":{"self":[{"href":"https:\/\/www.kesaj.sk\/index.php?rest_route=\/wp\/v2\/pages\/11","targetHints":{"allow":["GET"]}}],"collection":[{"href":"https:\/\/www.kesaj.sk\/index.php?rest_route=\/wp\/v2\/pages"}],"about":[{"href":"https:\/\/www.kesaj.sk\/index.php?rest_route=\/wp\/v2\/types\/page"}],"author":[{"embeddable":true,"href":"https:\/\/www.kesaj.sk\/index.php?rest_route=\/wp\/v2\/users\/1"}],"replies":[{"embeddable":true,"href":"https:\/\/www.kesaj.sk\/index.php?rest_route=%2Fwp%2Fv2%2Fcomments&post=11"}],"version-history":[{"count":14,"href":"https:\/\/www.kesaj.sk\/index.php?rest_route=\/wp\/v2\/pages\/11\/revisions"}],"predecessor-version":[{"id":240,"href":"https:\/\/www.kesaj.sk\/index.php?rest_route=\/wp\/v2\/pages\/11\/revisions\/240"}],"wp:attachment":[{"href":"https:\/\/www.kesaj.sk\/index.php?rest_route=%2Fwp%2Fv2%2Fmedia&parent=11"}],"curies":[{"name":"wp","href":"https:\/\/api.w.org\/{rel}","templated":true}]}}