{"id":137,"date":"2024-04-01T23:20:49","date_gmt":"2024-04-01T22:20:49","guid":{"rendered":"https:\/\/www.kesaj.sk\/?page_id=137"},"modified":"2024-04-01T23:23:29","modified_gmt":"2024-04-01T22:23:29","slug":"137-2","status":"publish","type":"page","link":"https:\/\/www.kesaj.sk\/?page_id=137","title":{"rendered":""},"content":{"rendered":"\n<figure class=\"wp-block-image size-full wp-duotone-unset-1\"><img fetchpriority=\"high\" decoding=\"async\" width=\"800\" height=\"533\" src=\"https:\/\/www.kesaj.sk\/wp-content\/uploads\/2024\/04\/anna_koptova.jpg\" alt=\"\" class=\"wp-image-138\" srcset=\"https:\/\/www.kesaj.sk\/wp-content\/uploads\/2024\/04\/anna_koptova.jpg 800w, https:\/\/www.kesaj.sk\/wp-content\/uploads\/2024\/04\/anna_koptova-300x200.jpg 300w, https:\/\/www.kesaj.sk\/wp-content\/uploads\/2024\/04\/anna_koptova-768x512.jpg 768w\" sizes=\"(max-width: 800px) 100vw, 800px\" \/><\/figure>\n\n\n\n<p><strong>Mgr. Anna Koptov\u00e1<\/strong><\/p>\n\n\n\n<p>Mgr. Anna Koptov\u00e1 \u0161tudovala na Katedre novin\u00e1rstva FF UK v Bratislave. Pracovala ako redaktorka v denn\u00edku V\u00fdchodoslovensk\u00e9 noviny. V roku 1978 sa z\u00fa\u010dastnila na II. Svetovom kongrese R\u00f3mov v \u017deneve. Za R\u00f3msku ob\u010diansku iniciat\u00edvu kandidovala v roku 1990 do slovensk\u00e9ho parlamentu na kandid\u00e1tke VPN. V\u00fdsledkom poslaneckej pr\u00e1ce bol dokument Z\u00e1sady vl\u00e1dnej politiky SR k R\u00f3mom \u2013 prv\u00fdkr\u00e1t v hist\u00f3rii boli R\u00f3movia ofici\u00e1lne uznan\u00ed ako n\u00e1rodnostn\u00e1 men\u0161ina. V roku 1991 poslanci SNR na n\u00e1vrh pani Koptovej schv\u00e1lili projekt nult\u00fdch ro\u010dn\u00edkov a projekt prv\u00e9ho r\u00f3mskeho profesion\u00e1lneho divadla na Slovensku. V auguste 1991 vy\u0161lo pod jej veden\u00edm prv\u00e9 \u010d\u00edslo t\u00fd\u017edenn\u00edka Romano \u013eil. V m\u00e1ji 1992 ju minister kult\u00fary poveril veden\u00edm divadla Romathan v Ko\u0161iciach. Divadlo uviedlo mno\u017estvo origin\u00e1lnych predstaven\u00ed, pri\u010dom viacer\u00e9 zn\u00e1me diela sama prelo\u017eila do r\u00f3mskeho jazyka (napr. Krvav\u00e1 svadba, Cig\u00e1ni id\u00fa do neba). Divadlo sa stalo aj miestom zrodu Nad\u00e1cie Dobr\u00e1 r\u00f3mska v\u00edla Kesaj, ktor\u00e1 realizovala mno\u017estvo projektov presahuj\u00facich hranice Slovenska. Po odchode jej prv\u00e9ho \u0161tatut\u00e1rneho z\u00e1stupcu Ing. Mi\u010dku ju Anna Koptov\u00e1 vedie doteraz. St\u00e1la pri zrode a stala sa riadite\u013ekou gymn\u00e1zia a z\u00e1kladnej \u0161koly v Ko\u0161iciach, kde sa vyu\u010duje r\u00f3msky jazyk a hist\u00f3ria. Autorsky sa podie\u013eala na pr\u00edprave v\u00fdznamn\u00fdch publik\u00e1ci\u00ed, napr. R\u00f3m\u010dina do vrecka (1995); Pravidl\u00e1 r\u00f3mskeho pravopisu (2006); Roma\u0148i \u010dhib: u\u010debnica r\u00f3mskeho jazyka (2007); Slovensko-r\u00f3msky r\u00f3msko-slovensk\u00fd slovn\u00edk (2011). Anna Koptov\u00e1 je dr\u017eite\u013ekou medzin\u00e1rodnej ceny \u0160aip Jusufa, ktor\u00fa dostala v roku 2013 v Belehrade pri pr\u00edle\u017eitosti vyhl\u00e1senia Medzin\u00e1rodn\u00e9ho d\u0148a r\u00f3mskeho jazyka. Za\u010diatkom roku 2023 prevzala \u0161t\u00e1tne vyznamenanie Rad \u013dudov\u00edta \u0160t\u00fara II. triedy za mimoriadne z\u00e1sluhy o \u013eudsk\u00e9 pr\u00e1va a slobody a ich ochranu z r\u00fak pani prezidentky Zuzany \u010caputovej.<\/p>\n","protected":false},"excerpt":{"rendered":"<p>Mgr. Anna Koptov\u00e1 Mgr. Anna Koptov\u00e1 \u0161tudovala na Katedre novin\u00e1rstva FF UK v Bratislave. Pracovala ako redaktorka v denn\u00edku V\u00fdchodoslovensk\u00e9 noviny. V roku 1978 sa z\u00fa\u010dastnila na II. Svetovom kongrese R\u00f3mov v \u017deneve. Za R\u00f3msku ob\u010diansku iniciat\u00edvu kandidovala v roku 1990 do slovensk\u00e9ho parlamentu na kandid\u00e1tke VPN. V\u00fdsledkom poslaneckej pr\u00e1ce bol dokument Z\u00e1sady vl\u00e1dnej politiky [&hellip;]<\/p>\n","protected":false},"author":1,"featured_media":0,"parent":11,"menu_order":0,"comment_status":"closed","ping_status":"closed","template":"page-full-width.php","meta":{"footnotes":""},"class_list":["post-137","page","type-page","status-publish","hentry"],"_links":{"self":[{"href":"https:\/\/www.kesaj.sk\/index.php?rest_route=\/wp\/v2\/pages\/137","targetHints":{"allow":["GET"]}}],"collection":[{"href":"https:\/\/www.kesaj.sk\/index.php?rest_route=\/wp\/v2\/pages"}],"about":[{"href":"https:\/\/www.kesaj.sk\/index.php?rest_route=\/wp\/v2\/types\/page"}],"author":[{"embeddable":true,"href":"https:\/\/www.kesaj.sk\/index.php?rest_route=\/wp\/v2\/users\/1"}],"replies":[{"embeddable":true,"href":"https:\/\/www.kesaj.sk\/index.php?rest_route=%2Fwp%2Fv2%2Fcomments&post=137"}],"version-history":[{"count":1,"href":"https:\/\/www.kesaj.sk\/index.php?rest_route=\/wp\/v2\/pages\/137\/revisions"}],"predecessor-version":[{"id":139,"href":"https:\/\/www.kesaj.sk\/index.php?rest_route=\/wp\/v2\/pages\/137\/revisions\/139"}],"up":[{"embeddable":true,"href":"https:\/\/www.kesaj.sk\/index.php?rest_route=\/wp\/v2\/pages\/11"}],"wp:attachment":[{"href":"https:\/\/www.kesaj.sk\/index.php?rest_route=%2Fwp%2Fv2%2Fmedia&parent=137"}],"curies":[{"name":"wp","href":"https:\/\/api.w.org\/{rel}","templated":true}]}}