{"id":16,"date":"2024-01-24T23:48:24","date_gmt":"2024-01-24T23:48:24","guid":{"rendered":"https:\/\/www.kesaj.sk\/?page_id=16"},"modified":"2024-11-29T01:32:06","modified_gmt":"2024-11-29T00:32:06","slug":"podporte-nas","status":"publish","type":"page","link":"https:\/\/www.kesaj.sk\/?page_id=16","title":{"rendered":""},"content":{"rendered":"\n<p style=\"font-size:25px\">Podporte na\u0161u \u010dinnos\u0165 dobrovo\u013en\u00fdm darom.<\/p>\n\n\n\n<div class=\"wp-block-media-text alignwide is-stacked-on-mobile\" style=\"grid-template-columns:54% auto\"><figure class=\"wp-block-media-text__media\"><img fetchpriority=\"high\" decoding=\"async\" width=\"640\" height=\"427\" src=\"https:\/\/www.kesaj.sk\/wp-content\/uploads\/2024\/01\/roman-kraft-0EVKn3-5JSU-unsplash.jpg\" alt=\"\" class=\"wp-image-72 size-full\" srcset=\"https:\/\/www.kesaj.sk\/wp-content\/uploads\/2024\/01\/roman-kraft-0EVKn3-5JSU-unsplash.jpg 640w, https:\/\/www.kesaj.sk\/wp-content\/uploads\/2024\/01\/roman-kraft-0EVKn3-5JSU-unsplash-300x200.jpg 300w\" sizes=\"(max-width: 640px) 100vw, 640px\" \/><\/figure><div class=\"wp-block-media-text__content\">\n<p><strong>Bankov\u00fd \u00fa\u010det:<\/strong><\/p>\n\n\n\n<p>SK56 0200 0000 0026 7914 9512<\/p>\n\n\n\n<p>V\u0161eobecn\u00e1 \u00faverov\u00e1 banka, a.s.<\/p>\n\n\n\n<p>Mlynsk\u00e9 nivy 1<\/p>\n\n\n\n<p>829 90 Bratislava 25<\/p>\n\n\n\n<p>K\u00f3d banky: 0200<\/p>\n\n\n\n<p>SWIFT: SUBASKBX<\/p>\n<\/div><\/div>\n","protected":false},"excerpt":{"rendered":"<p>Podporte na\u0161u \u010dinnos\u0165 dobrovo\u013en\u00fdm darom. Bankov\u00fd \u00fa\u010det: SK56 0200 0000 0026 7914 9512 V\u0161eobecn\u00e1 \u00faverov\u00e1 banka, a.s. Mlynsk\u00e9 nivy 1 829 90 Bratislava 25 K\u00f3d banky: 0200 SWIFT: SUBASKBX<\/p>\n","protected":false},"author":1,"featured_media":0,"parent":0,"menu_order":0,"comment_status":"closed","ping_status":"closed","template":"page-full-width.php","meta":{"footnotes":""},"class_list":["post-16","page","type-page","status-publish","hentry"],"_links":{"self":[{"href":"https:\/\/www.kesaj.sk\/index.php?rest_route=\/wp\/v2\/pages\/16","targetHints":{"allow":["GET"]}}],"collection":[{"href":"https:\/\/www.kesaj.sk\/index.php?rest_route=\/wp\/v2\/pages"}],"about":[{"href":"https:\/\/www.kesaj.sk\/index.php?rest_route=\/wp\/v2\/types\/page"}],"author":[{"embeddable":true,"href":"https:\/\/www.kesaj.sk\/index.php?rest_route=\/wp\/v2\/users\/1"}],"replies":[{"embeddable":true,"href":"https:\/\/www.kesaj.sk\/index.php?rest_route=%2Fwp%2Fv2%2Fcomments&post=16"}],"version-history":[{"count":10,"href":"https:\/\/www.kesaj.sk\/index.php?rest_route=\/wp\/v2\/pages\/16\/revisions"}],"predecessor-version":[{"id":196,"href":"https:\/\/www.kesaj.sk\/index.php?rest_route=\/wp\/v2\/pages\/16\/revisions\/196"}],"wp:attachment":[{"href":"https:\/\/www.kesaj.sk\/index.php?rest_route=%2Fwp%2Fv2%2Fmedia&parent=16"}],"curies":[{"name":"wp","href":"https:\/\/api.w.org\/{rel}","templated":true}]}}