{"id":190,"date":"2024-11-29T01:21:31","date_gmt":"2024-11-29T00:21:31","guid":{"rendered":"https:\/\/www.kesaj.sk\/?page_id=190"},"modified":"2025-10-31T18:33:45","modified_gmt":"2025-10-31T17:33:45","slug":"190-2","status":"publish","type":"page","link":"https:\/\/www.kesaj.sk\/?page_id=190","title":{"rendered":""},"content":{"rendered":"\n<h2 class=\"wp-block-heading has-text-align-center has-medium-font-size\"><br>Pavol Dob\u0161insk\u00fd: Proston\u00e1rodn\u00e9 slovensk\u00e9 povesti<\/h2>\n\n\n\n<p>Zbierka Lak\u0165ibrada the aver paramisa obsahuje preklad dvan\u00e1stich vybran\u00fdch rozpr\u00e1vok a povest\u00ed z publik\u00e1cie Proston\u00e1rodn\u00e9 slovensk\u00e9 povesti (Prv\u00fd zv\u00e4zok) v\u00fdznamn\u00e9ho spisovate\u013ea a zberate\u013ea \u013eudovej slovesnosti &#8211; Pavla Dob\u0161insk\u00e9ho. Rozpr\u00e1vky zo slovensk\u00e9ho origin\u00e1lu do r\u00f3m\u010diny prelo\u017eila Martina Hor\u0148\u00e1kov\u00e1, text redigovala Anna Koptov\u00e1. Preklad bol v roku 2023 realizovan\u00fd s finan\u010dnou podporou Fondu na podporu kult\u00fary n\u00e1rodnostn\u00fdch men\u0161\u00edn.<\/p>\n\n\n\n<div class=\"wp-block-buttons is-content-justification-center is-layout-flex wp-container-core-buttons-is-layout-16018d1d wp-block-buttons-is-layout-flex\">\n<div class=\"wp-block-button has-custom-width wp-block-button__width-25 is-style-outline is-style-outline--1\"><a class=\"wp-block-button__link has-background has-text-align-center wp-element-button\" href=\"http:\/\/www.kesaj.sk\/wp-content\/uploads\/2024\/11\/Laktibrada-the-aver-paramisa.pdf\" style=\"background-color:#fbd575\"><strong>Stiahni <\/strong><\/a><\/div>\n<\/div>\n\n\n\n<p><\/p>\n","protected":false},"excerpt":{"rendered":"<p>Pavol Dob\u0161insk\u00fd: Proston\u00e1rodn\u00e9 slovensk\u00e9 povesti Zbierka Lak\u0165ibrada the aver paramisa obsahuje preklad dvan\u00e1stich vybran\u00fdch rozpr\u00e1vok a povest\u00ed z publik\u00e1cie Proston\u00e1rodn\u00e9 slovensk\u00e9 povesti (Prv\u00fd zv\u00e4zok) v\u00fdznamn\u00e9ho spisovate\u013ea a zberate\u013ea \u013eudovej slovesnosti &#8211; Pavla Dob\u0161insk\u00e9ho. Rozpr\u00e1vky zo slovensk\u00e9ho origin\u00e1lu do r\u00f3m\u010diny prelo\u017eila Martina Hor\u0148\u00e1kov\u00e1, text redigovala Anna Koptov\u00e1. Preklad bol v roku 2023 realizovan\u00fd s finan\u010dnou podporou [&hellip;]<\/p>\n","protected":false},"author":1,"featured_media":0,"parent":11,"menu_order":0,"comment_status":"closed","ping_status":"closed","template":"page-full-width.php","meta":{"footnotes":""},"class_list":["post-190","page","type-page","status-publish","hentry"],"_links":{"self":[{"href":"https:\/\/www.kesaj.sk\/index.php?rest_route=\/wp\/v2\/pages\/190","targetHints":{"allow":["GET"]}}],"collection":[{"href":"https:\/\/www.kesaj.sk\/index.php?rest_route=\/wp\/v2\/pages"}],"about":[{"href":"https:\/\/www.kesaj.sk\/index.php?rest_route=\/wp\/v2\/types\/page"}],"author":[{"embeddable":true,"href":"https:\/\/www.kesaj.sk\/index.php?rest_route=\/wp\/v2\/users\/1"}],"replies":[{"embeddable":true,"href":"https:\/\/www.kesaj.sk\/index.php?rest_route=%2Fwp%2Fv2%2Fcomments&post=190"}],"version-history":[{"count":4,"href":"https:\/\/www.kesaj.sk\/index.php?rest_route=\/wp\/v2\/pages\/190\/revisions"}],"predecessor-version":[{"id":242,"href":"https:\/\/www.kesaj.sk\/index.php?rest_route=\/wp\/v2\/pages\/190\/revisions\/242"}],"up":[{"embeddable":true,"href":"https:\/\/www.kesaj.sk\/index.php?rest_route=\/wp\/v2\/pages\/11"}],"wp:attachment":[{"href":"https:\/\/www.kesaj.sk\/index.php?rest_route=%2Fwp%2Fv2%2Fmedia&parent=190"}],"curies":[{"name":"wp","href":"https:\/\/api.w.org\/{rel}","templated":true}]}}