{"id":2,"date":"2024-01-28T19:08:40","date_gmt":"2024-01-28T19:08:40","guid":{"rendered":"http:\/\/localhost\/wordpress\/?page_id=2"},"modified":"2025-10-31T19:36:53","modified_gmt":"2025-10-31T18:36:53","slug":"index","status":"publish","type":"page","link":"https:\/\/www.kesaj.sk\/","title":{"rendered":""},"content":{"rendered":"\n<div class=\"wp-block-columns is-layout-flex wp-container-core-columns-is-layout-9d6595d7 wp-block-columns-is-layout-flex\">\n<div class=\"wp-block-column is-vertically-aligned-center is-layout-flow wp-block-column-is-layout-flow\">\n<p class=\"has-text-align-center\"><a href=\"https:\/\/romskyslovnik.online\/rom\/\" target=\"_blank\" rel=\"noreferrer noopener\">Online slovn\u00edk<\/a><\/p>\n\n\n<div class=\"wp-block-image is-style-default\">\n<figure class=\"aligncenter size-large\"><a href=\"https:\/\/romskyslovnik.online\/rom\/\"><img fetchpriority=\"high\" decoding=\"async\" width=\"1024\" height=\"534\" src=\"https:\/\/www.kesaj.sk\/wp-content\/uploads\/2025\/10\/slovniksnapshot-1024x534.png\" alt=\"\" class=\"wp-image-243\" srcset=\"https:\/\/www.kesaj.sk\/wp-content\/uploads\/2025\/10\/slovniksnapshot-1024x534.png 1024w, https:\/\/www.kesaj.sk\/wp-content\/uploads\/2025\/10\/slovniksnapshot-300x157.png 300w, https:\/\/www.kesaj.sk\/wp-content\/uploads\/2025\/10\/slovniksnapshot-768x401.png 768w, https:\/\/www.kesaj.sk\/wp-content\/uploads\/2025\/10\/slovniksnapshot-1536x801.png 1536w, https:\/\/www.kesaj.sk\/wp-content\/uploads\/2025\/10\/slovniksnapshot.png 1890w\" sizes=\"(max-width: 1024px) 100vw, 1024px\" \/><\/a><\/figure>\n<\/div><\/div>\n\n\n\n<div class=\"wp-block-column is-vertically-aligned-center is-layout-flow wp-block-column-is-layout-flow\">\n<p class=\"has-text-align-center\"><a href=\"https:\/\/www.kesaj.sk\/?page_id=190\">Preklad rozpr\u00e1vok Dob\u0161insk\u00fd<\/a><\/p>\n\n\n<div class=\"wp-block-image\">\n<figure class=\"aligncenter size-large is-resized\"><a href=\"https:\/\/www.kesaj.sk\/?page_id=190\"><img decoding=\"async\" width=\"1024\" height=\"745\" src=\"https:\/\/www.kesaj.sk\/wp-content\/uploads\/2024\/04\/Zoja-Turtakova-1024x745.jpg\" alt=\"\" class=\"wp-image-104\" style=\"width:auto;height:248px\" srcset=\"https:\/\/www.kesaj.sk\/wp-content\/uploads\/2024\/04\/Zoja-Turtakova-1024x745.jpg 1024w, https:\/\/www.kesaj.sk\/wp-content\/uploads\/2024\/04\/Zoja-Turtakova-300x218.jpg 300w, https:\/\/www.kesaj.sk\/wp-content\/uploads\/2024\/04\/Zoja-Turtakova-768x559.jpg 768w, https:\/\/www.kesaj.sk\/wp-content\/uploads\/2024\/04\/Zoja-Turtakova-1536x1118.jpg 1536w, https:\/\/www.kesaj.sk\/wp-content\/uploads\/2024\/04\/Zoja-Turtakova.jpg 1648w\" sizes=\"(max-width: 1024px) 100vw, 1024px\" \/><\/a><\/figure>\n<\/div><\/div>\n<\/div>\n\n\n\n<hr class=\"wp-block-separator has-alpha-channel-opacity is-style-wide\"\/>\n\n\n\n<div class=\"wp-block-columns is-layout-flex wp-container-core-columns-is-layout-9d6595d7 wp-block-columns-is-layout-flex\">\n<div class=\"wp-block-column is-layout-flow wp-block-column-is-layout-flow\">\n<p class=\"has-text-align-center\">Romane paramisa<\/p>\n\n\n<div class=\"wp-block-image\">\n<figure class=\"aligncenter size-large is-resized\"><img decoding=\"async\" width=\"720\" height=\"1024\" src=\"http:\/\/www.kesaj.sk\/wp-content\/uploads\/2024\/01\/obalka-mesiac-hvezdy-male-720x1024.jpg\" alt=\"\" class=\"wp-image-61\" style=\"width:auto;height:415px\" srcset=\"https:\/\/www.kesaj.sk\/wp-content\/uploads\/2024\/01\/obalka-mesiac-hvezdy-male-720x1024.jpg 720w, https:\/\/www.kesaj.sk\/wp-content\/uploads\/2024\/01\/obalka-mesiac-hvezdy-male-211x300.jpg 211w, https:\/\/www.kesaj.sk\/wp-content\/uploads\/2024\/01\/obalka-mesiac-hvezdy-male-768x1093.jpg 768w, https:\/\/www.kesaj.sk\/wp-content\/uploads\/2024\/01\/obalka-mesiac-hvezdy-male-1080x1536.jpg 1080w, https:\/\/www.kesaj.sk\/wp-content\/uploads\/2024\/01\/obalka-mesiac-hvezdy-male-1440x2048.jpg 1440w, https:\/\/www.kesaj.sk\/wp-content\/uploads\/2024\/01\/obalka-mesiac-hvezdy-male-scaled.jpg 1799w\" sizes=\"(max-width: 720px) 100vw, 720px\" \/><\/figure>\n<\/div><\/div>\n\n\n\n<div class=\"wp-block-column is-layout-flow wp-block-column-is-layout-flow\">\n<p class=\"has-text-align-center\">Preklad b\u00e1sn\u00ed Milana R\u00fafusa<\/p>\n\n\n<div class=\"wp-block-image\">\n<figure class=\"aligncenter size-large is-resized\"><img loading=\"lazy\" decoding=\"async\" width=\"819\" height=\"1024\" src=\"https:\/\/www.kesaj.sk\/wp-content\/uploads\/2025\/02\/DSC06582orez-819x1024.jpg\" alt=\"\" class=\"wp-image-198\" style=\"width:335px;height:auto\" srcset=\"https:\/\/www.kesaj.sk\/wp-content\/uploads\/2025\/02\/DSC06582orez-819x1024.jpg 819w, https:\/\/www.kesaj.sk\/wp-content\/uploads\/2025\/02\/DSC06582orez-240x300.jpg 240w, https:\/\/www.kesaj.sk\/wp-content\/uploads\/2025\/02\/DSC06582orez-768x960.jpg 768w, https:\/\/www.kesaj.sk\/wp-content\/uploads\/2025\/02\/DSC06582orez.jpg 1066w\" sizes=\"(max-width: 819px) 100vw, 819px\" \/><\/figure>\n<\/div><\/div>\n<\/div>\n\n\n\n<hr class=\"wp-block-separator has-alpha-channel-opacity is-style-wide\"\/>\n\n\n\n<div class=\"wp-block-columns is-layout-flex wp-container-core-columns-is-layout-9d6595d7 wp-block-columns-is-layout-flex\">\n<div class=\"wp-block-column is-vertically-aligned-center is-layout-flow wp-block-column-is-layout-flow\">\n<p class=\"has-text-align-center\" style=\"font-size:16px\"><a href=\"https:\/\/www.kesaj.sk\/?page_id=202\" data-type=\"page\" data-id=\"202\">Uk\u00e1\u017eka zo zbierky <strong>PR\u00cdBEHY ZO \u017dIVOTA<\/strong><\/a><\/p>\n\n\n\n<p class=\"has-text-align-center\" style=\"font-size:16px\">Z rukopisu <strong>D\u017dIVIPNASKERE VAKERIBENA<\/strong> autorky <\/p>\n\n\n\n<p class=\"has-text-align-center\" style=\"font-size:16px\"><strong>Ivety Kokyovej<\/strong> z r\u00f3msk\u00e9ho jazyka do slovensk\u00e9ho jazyka prelo\u017eila Martina Hor\u0148\u00e1kov\u00e1.<\/p>\n\n\n<div class=\"wp-block-image\">\n<figure class=\"aligncenter size-large is-resized\"><img loading=\"lazy\" decoding=\"async\" width=\"768\" height=\"1024\" src=\"https:\/\/www.kesaj.sk\/wp-content\/uploads\/2025\/02\/melissa-askew-8n00CqwnqO8-unsplash-768x1024.jpg\" alt=\"\" class=\"wp-image-200\" style=\"width:292px;height:auto\" srcset=\"https:\/\/www.kesaj.sk\/wp-content\/uploads\/2025\/02\/melissa-askew-8n00CqwnqO8-unsplash-768x1024.jpg 768w, https:\/\/www.kesaj.sk\/wp-content\/uploads\/2025\/02\/melissa-askew-8n00CqwnqO8-unsplash-225x300.jpg 225w, https:\/\/www.kesaj.sk\/wp-content\/uploads\/2025\/02\/melissa-askew-8n00CqwnqO8-unsplash-1152x1536.jpg 1152w, https:\/\/www.kesaj.sk\/wp-content\/uploads\/2025\/02\/melissa-askew-8n00CqwnqO8-unsplash-1536x2048.jpg 1536w, https:\/\/www.kesaj.sk\/wp-content\/uploads\/2025\/02\/melissa-askew-8n00CqwnqO8-unsplash-scaled.jpg 1920w\" sizes=\"(max-width: 768px) 100vw, 768px\" \/><\/figure>\n<\/div><\/div>\n\n\n\n<div class=\"wp-block-column is-layout-flow wp-block-column-is-layout-flow\">\n<p class=\"has-text-align-center\"><strong><a href=\"https:\/\/www.kesaj.sk\/?page_id=253\">\u010chaj somnakune balenca<\/a><\/strong><\/p>\n\n\n\n<p class=\"has-text-align-center\" style=\"font-size:16px\">Uk\u00e1\u017eka zo zbierky Proston\u00e1rodn\u00e9 slovensk\u00e9 povesti (Prv\u00fd zv\u00e4zok) od Pavla Dob\u0161insk\u00e9ho.<\/p>\n\n\n\n<p class=\"has-text-align-center\" style=\"font-size:16px\">Preklad vznikol s finan\u010dnou podporou Fondu na podporu kult\u00fary n\u00e1rodnostn\u00fdch men\u0161\u00edn.<\/p>\n\n\n<div class=\"wp-block-image\">\n<figure class=\"aligncenter size-large is-resized\"><img loading=\"lazy\" decoding=\"async\" width=\"1024\" height=\"1024\" src=\"https:\/\/www.kesaj.sk\/wp-content\/uploads\/2025\/10\/chaj-somnakune-balenca-1024x1024.jpg\" alt=\"\" class=\"wp-image-247\" style=\"width:335px\" srcset=\"https:\/\/www.kesaj.sk\/wp-content\/uploads\/2025\/10\/chaj-somnakune-balenca-1024x1024.jpg 1024w, https:\/\/www.kesaj.sk\/wp-content\/uploads\/2025\/10\/chaj-somnakune-balenca-300x300.jpg 300w, https:\/\/www.kesaj.sk\/wp-content\/uploads\/2025\/10\/chaj-somnakune-balenca-150x150.jpg 150w, https:\/\/www.kesaj.sk\/wp-content\/uploads\/2025\/10\/chaj-somnakune-balenca-768x768.jpg 768w, https:\/\/www.kesaj.sk\/wp-content\/uploads\/2025\/10\/chaj-somnakune-balenca-1536x1536.jpg 1536w, https:\/\/www.kesaj.sk\/wp-content\/uploads\/2025\/10\/chaj-somnakune-balenca-2048x2048.jpg 2048w\" sizes=\"(max-width: 1024px) 100vw, 1024px\" \/><\/figure>\n<\/div><\/div>\n<\/div>\n\n\n\n<p><\/p>\n","protected":false},"excerpt":{"rendered":"<p>Online slovn\u00edk Preklad rozpr\u00e1vok Dob\u0161insk\u00fd Romane paramisa Preklad b\u00e1sn\u00ed Milana R\u00fafusa Uk\u00e1\u017eka zo zbierky PR\u00cdBEHY ZO \u017dIVOTA Z rukopisu D\u017dIVIPNASKERE VAKERIBENA autorky Ivety Kokyovej z r\u00f3msk\u00e9ho jazyka do slovensk\u00e9ho jazyka prelo\u017eila Martina Hor\u0148\u00e1kov\u00e1. \u010chaj somnakune balenca Uk\u00e1\u017eka zo zbierky Proston\u00e1rodn\u00e9 slovensk\u00e9 povesti (Prv\u00fd zv\u00e4zok) od Pavla Dob\u0161insk\u00e9ho. Preklad vznikol s finan\u010dnou podporou Fondu na podporu [&hellip;]<\/p>\n","protected":false},"author":1,"featured_media":0,"parent":0,"menu_order":0,"comment_status":"closed","ping_status":"closed","template":"page-full-width.php","meta":{"footnotes":""},"class_list":["post-2","page","type-page","status-publish","hentry"],"_links":{"self":[{"href":"https:\/\/www.kesaj.sk\/index.php?rest_route=\/wp\/v2\/pages\/2","targetHints":{"allow":["GET"]}}],"collection":[{"href":"https:\/\/www.kesaj.sk\/index.php?rest_route=\/wp\/v2\/pages"}],"about":[{"href":"https:\/\/www.kesaj.sk\/index.php?rest_route=\/wp\/v2\/types\/page"}],"author":[{"embeddable":true,"href":"https:\/\/www.kesaj.sk\/index.php?rest_route=\/wp\/v2\/users\/1"}],"replies":[{"embeddable":true,"href":"https:\/\/www.kesaj.sk\/index.php?rest_route=%2Fwp%2Fv2%2Fcomments&post=2"}],"version-history":[{"count":40,"href":"https:\/\/www.kesaj.sk\/index.php?rest_route=\/wp\/v2\/pages\/2\/revisions"}],"predecessor-version":[{"id":264,"href":"https:\/\/www.kesaj.sk\/index.php?rest_route=\/wp\/v2\/pages\/2\/revisions\/264"}],"wp:attachment":[{"href":"https:\/\/www.kesaj.sk\/index.php?rest_route=%2Fwp%2Fv2%2Fmedia&parent=2"}],"curies":[{"name":"wp","href":"https:\/\/api.w.org\/{rel}","templated":true}]}}